{"id":174585,"date":"2025-11-12T08:56:55","date_gmt":"2025-11-12T08:56:55","guid":{"rendered":"https:\/\/www.fahimai.com\/?page_id=174585"},"modified":"2025-11-12T09:41:24","modified_gmt":"2025-11-12T09:41:24","slug":"test-by-harman","status":"publish","type":"page","link":"https:\/\/www.fahimai.com\/vi\/test-by-harman","title":{"rendered":"ki\u1ec3m tra b\u1edfi Harman"},"content":{"rendered":"<p>[et_pb_section fb_built=&#8221;1&#8243; theme_builder_area=&#8221;post_content&#8221; _builder_version=&#8221;4.27.3&#8243; _module_preset=&#8221;default&#8221; da_is_popup=&#8221;off&#8221; da_exit_intent=&#8221;off&#8221; da_has_close=&#8221;on&#8221; da_alt_close=&#8221;off&#8221; da_dark_close=&#8221;off&#8221; da_not_modal=&#8221;on&#8221; da_is_singular=&#8221;off&#8221; da_with_loader=&#8221;off&#8221; da_has_shadow=&#8221;on&#8221; da_disable_devices=&#8221;off|off|off&#8221;][et_pb_row _builder_version=&#8221;4.27.3&#8243; _module_preset=&#8221;default&#8221; theme_builder_area=&#8221;post_content&#8221;][et_pb_column _builder_version=&#8221;4.27.3&#8243; _module_preset=&#8221;default&#8221; type=&#8221;4_4&#8243; theme_builder_area=&#8221;post_content&#8221;][et_pb_text _builder_version=&#8221;4.27.3&#8243; _module_preset=&#8221;default&#8221; theme_builder_area=&#8221;post_content&#8221; hover_enabled=&#8221;0&#8243; sticky_enabled=&#8221;0&#8243;]<\/p>\n<p>Everything is possible. The layout adjusts easily, with flexible spacing and smooth alignment. The design remains balanced and consistent, ensuring that all elements stay in place. Buttons, text, and images adapt nicely, keeping the overall look clean and modern.<\/p>\n<p>[\/et_pb_text][\/et_pb_column][\/et_pb_row][\/et_pb_section]<\/p>\n","protected":false},"excerpt":{"rendered":"<p>M\u1ecdi th\u1ee9 \u0111\u1ec1u c\u00f3 th\u1ec3. B\u1ed1 c\u1ee5c d\u1ec5 d\u00e0ng \u0111i\u1ec1u ch\u1ec9nh, v\u1edbi kho\u1ea3ng c\u00e1ch linh ho\u1ea1t v\u00e0 c\u0103n ch\u1ec9nh m\u01b0\u1ee3t m\u00e0. Thi\u1ebft k\u1ebf v\u1eabn c\u00e2n b\u1eb1ng v\u00e0 nh\u1ea5t qu\u00e1n, \u0111\u1ea3m b\u1ea3o t\u1ea5t c\u1ea3 c\u00e1c y\u1ebfu t\u1ed1 \u0111\u1ec1u n\u1eb1m \u0111\u00fang v\u1ecb tr\u00ed. C\u00e1c n\u00fat, v\u0103n b\u1ea3n v\u00e0 h\u00ecnh \u1ea3nh th\u00edch \u1ee9ng t\u1ed1t, gi\u1eef cho t\u1ed5ng th\u1ec3 tr\u00f4ng g\u1ecdn g\u00e0ng v\u00e0 hi\u1ec7n \u0111\u1ea1i.<\/p>","protected":false},"author":10,"featured_media":0,"parent":0,"menu_order":0,"comment_status":"closed","ping_status":"closed","template":"","meta":{"_acf_changed":false,"_et_pb_use_builder":"on","_et_pb_old_content":"","_et_gb_content_width":"","footnotes":""},"class_list":["post-174585","page","type-page","status-publish","hentry"],"acf":[],"_links":{"self":[{"href":"https:\/\/www.fahimai.com\/vi\/wp-json\/wp\/v2\/pages\/174585","targetHints":{"allow":["GET"]}}],"collection":[{"href":"https:\/\/www.fahimai.com\/vi\/wp-json\/wp\/v2\/pages"}],"about":[{"href":"https:\/\/www.fahimai.com\/vi\/wp-json\/wp\/v2\/types\/page"}],"author":[{"embeddable":true,"href":"https:\/\/www.fahimai.com\/vi\/wp-json\/wp\/v2\/users\/10"}],"replies":[{"embeddable":true,"href":"https:\/\/www.fahimai.com\/vi\/wp-json\/wp\/v2\/comments?post=174585"}],"version-history":[{"count":0,"href":"https:\/\/www.fahimai.com\/vi\/wp-json\/wp\/v2\/pages\/174585\/revisions"}],"wp:attachment":[{"href":"https:\/\/www.fahimai.com\/vi\/wp-json\/wp\/v2\/media?parent=174585"}],"curies":[{"name":"trang web","href":"https:\/\/api.w.org\/{rel}","templated":true}]}}